{"id":231,"date":"2024-01-23T04:08:42","date_gmt":"2024-01-23T04:08:42","guid":{"rendered":"https:\/\/startedgesolutions.com\/?page_id=231"},"modified":"2024-02-15T00:27:28","modified_gmt":"2024-02-15T00:27:28","slug":"politica-de-privacidad","status":"publish","type":"page","link":"https:\/\/startedgesolutions.com\/en\/privacy-policy-2\/","title":{"rendered":"Privacy policy"},"content":{"rendered":"<div data-elementor-type=\"wp-page\" data-elementor-id=\"231\" class=\"elementor elementor-231\" data-elementor-post-type=\"page\">\n\t\t\t\t\t\t<section class=\"elementor-section elementor-top-section elementor-element elementor-element-5ff487c elementor-section-height-min-height elementor-section-boxed elementor-section-height-default elementor-section-items-middle\" data-id=\"5ff487c\" data-element_type=\"section\" data-settings=\"{&quot;background_background&quot;:&quot;classic&quot;}\">\n\t\t\t\t\t\t\t<div class=\"elementor-background-overlay\"><\/div>\n\t\t\t\t\t\t\t<div class=\"elementor-container elementor-column-gap-no\">\n\t\t\t\t\t<div class=\"elementor-column elementor-col-100 elementor-top-column elementor-element elementor-element-36f1ed1\" data-id=\"36f1ed1\" data-element_type=\"column\">\n\t\t\t<div class=\"elementor-widget-wrap elementor-element-populated\">\n\t\t\t\t\t\t\t<\/div>\n\t\t<\/div>\n\t\t\t\t\t<\/div>\n\t\t<\/section>\n\t\t\t\t<section class=\"elementor-section elementor-top-section elementor-element elementor-element-62ad8208 elementor-section-boxed elementor-section-height-default elementor-section-height-default\" data-id=\"62ad8208\" data-element_type=\"section\">\n\t\t\t\t\t\t<div class=\"elementor-container elementor-column-gap-no\">\n\t\t\t\t\t<div class=\"elementor-column elementor-col-100 elementor-top-column elementor-element elementor-element-182bcbd0\" data-id=\"182bcbd0\" data-element_type=\"column\">\n\t\t\t<div class=\"elementor-widget-wrap elementor-element-populated\">\n\t\t\t\t\t\t<div class=\"elementor-element elementor-element-c2fb898 elementor-widget elementor-widget-heading\" data-id=\"c2fb898\" data-element_type=\"widget\" data-widget_type=\"heading.default\">\n\t\t\t\t<div class=\"elementor-widget-container\">\n\t\t\t<style>\/*! elementor - v3.19.0 - 07-02-2024 *\/\n.elementor-heading-title{padding:0;margin:0;line-height:1}.elementor-widget-heading .elementor-heading-title[class*=elementor-size-]>a{color:inherit;font-size:inherit;line-height:inherit}.elementor-widget-heading .elementor-heading-title.elementor-size-small{font-size:15px}.elementor-widget-heading .elementor-heading-title.elementor-size-medium{font-size:19px}.elementor-widget-heading .elementor-heading-title.elementor-size-large{font-size:29px}.elementor-widget-heading .elementor-heading-title.elementor-size-xl{font-size:39px}.elementor-widget-heading .elementor-heading-title.elementor-size-xxl{font-size:59px}<\/style><h6 class=\"elementor-heading-title elementor-size-default\">Last updated: December 29th, 2023<\/h6>\t\t<\/div>\n\t\t\t\t<\/div>\n\t\t\t\t<div class=\"elementor-element elementor-element-3628aef elementor-widget elementor-widget-text-editor\" data-id=\"3628aef\" data-element_type=\"widget\" data-widget_type=\"text-editor.default\">\n\t\t\t\t<div class=\"elementor-widget-container\">\n\t\t\t<style>\/*! elementor - v3.19.0 - 07-02-2024 *\/\n.elementor-widget-text-editor.elementor-drop-cap-view-stacked .elementor-drop-cap{background-color:#69727d;color:#fff}.elementor-widget-text-editor.elementor-drop-cap-view-framed .elementor-drop-cap{color:#69727d;border:3px solid;background-color:transparent}.elementor-widget-text-editor:not(.elementor-drop-cap-view-default) .elementor-drop-cap{margin-top:8px}.elementor-widget-text-editor:not(.elementor-drop-cap-view-default) .elementor-drop-cap-letter{width:1em;height:1em}.elementor-widget-text-editor .elementor-drop-cap{float:left;text-align:center;line-height:1;font-size:50px}.elementor-widget-text-editor .elementor-drop-cap-letter{display:inline-block}<\/style>\t\t\t\t<ol><li><strong>PRIVACY<\/strong><\/li><\/ol><p>Users' privacy is very important to StartEdge Solutions. We are committed to protecting our users' information.<\/p><p>StartEdge Solutions only provides information, support, assistance, or other contact about services to the account holder or their respective licensees in the case of business plans.<\/p><p>\u00a0<\/p><ol start=\"2\"><li><strong>COLLECTION OF INFORMATION<\/strong><\/li><\/ol><p>StartEdge Solutions collects personally identifiable information from users through online forms to order services. We may also collect information about how users use our website, for example, by tracking the number of unique visits received by the pages of the website or the domains from which users originate. We use \"cookies\" to track how users use our website.<\/p><p>\u00a0<\/p><p><strong>How We Use Information:<\/strong><\/p><p>StartEdge Solutions may use personal information obtained through our Web site to contact users about the services offered by StartEdge Solutions and its trusted affiliates, independent contractors and business partners, and otherwise to improve the experience of users with whom StartEdge Solutions and such affiliates, independent contractors and business partners. At no time is StartEdge Solutions' database used for marketing purposes or mailing lists for other services. Personal information will not be sold or transferred to our business partners without your prior consent, except that we will disclose the information we collect to third parties, when, in our good faith judgment, we are required to do so under applicable laws.<\/p><p>\u00a0<\/p><p><strong>Contact:<\/strong><\/p><p><strong>\u00a0<\/strong><\/p><p><strong>Email<\/strong><strong> : <\/strong>info@startedgesolutions.com<\/p><p><strong>Address:<\/strong> Ituzaingo 1393, Escritorio 501, Montevideo, Uruguay.<\/p><p><strong>Phone:<\/strong> <a class=\"c-link\" href=\"tel:18883004034\" target=\"_blank\" rel=\"noopener noreferrer\" data-stringify-link=\"tel:18883004034\" data-sk=\"tooltip_parent\" aria-describedby=\"sk-tooltip-10015\">1 888 300 4034<\/a><\/p>\t\t\t\t\t\t<\/div>\n\t\t\t\t<\/div>\n\t\t\t\t\t<\/div>\n\t\t<\/div>\n\t\t\t\t\t<\/div>\n\t\t<\/section>\n\t\t\t\t<\/div>","protected":false},"excerpt":{"rendered":"<p>\/*! elementor &#8211; v3.19.0 &#8211; 07-02-2024 *\/ .elementor-heading-title{padding:0;margin:0;line-height:1}.elementor-widget-heading .elementor-heading-title[class*=elementor-size-]&gt;a{color:inherit;font-size:inherit;line-height:inherit}.elementor-widget-heading .elementor-heading-title.elementor-size-small{font-size:15px}.elementor-widget-heading .elementor-heading-title.elementor-size-medium{font-size:19px}.elementor-widget-heading .elementor-heading-title.elementor-size-large{font-size:29px}.elementor-widget-heading .elementor-heading-title.elementor-size-xl{font-size:39px}.elementor-widget-heading .elementor-heading-title.elementor-size-xxl{font-size:59px} \u00daltima actualizaci\u00f3n 29 de Diciembre del 2023 PRIVACIDAD La privacidad de los usuarios es muy importante para StartEdge Solutions. Estamos comprometidos con la protecci\u00f3n de la informaci\u00f3n de nuestros usuarios. StartEdge Solutions \u00fanicamente brinda informaci\u00f3n, soporte, asistencia u otro contacto sobre [&hellip;]<\/p>","protected":false},"author":5,"featured_media":0,"parent":0,"menu_order":0,"comment_status":"closed","ping_status":"closed","template":"","meta":{"footnotes":""},"class_list":["post-231","page","type-page","status-publish","hentry"],"_links":{"self":[{"href":"https:\/\/startedgesolutions.com\/en\/wp-json\/wp\/v2\/pages\/231","targetHints":{"allow":["GET"]}}],"collection":[{"href":"https:\/\/startedgesolutions.com\/en\/wp-json\/wp\/v2\/pages"}],"about":[{"href":"https:\/\/startedgesolutions.com\/en\/wp-json\/wp\/v2\/types\/page"}],"author":[{"embeddable":true,"href":"https:\/\/startedgesolutions.com\/en\/wp-json\/wp\/v2\/users\/5"}],"replies":[{"embeddable":true,"href":"https:\/\/startedgesolutions.com\/en\/wp-json\/wp\/v2\/comments?post=231"}],"version-history":[{"count":16,"href":"https:\/\/startedgesolutions.com\/en\/wp-json\/wp\/v2\/pages\/231\/revisions"}],"predecessor-version":[{"id":942,"href":"https:\/\/startedgesolutions.com\/en\/wp-json\/wp\/v2\/pages\/231\/revisions\/942"}],"wp:attachment":[{"href":"https:\/\/startedgesolutions.com\/en\/wp-json\/wp\/v2\/media?parent=231"}],"curies":[{"name":"wp","href":"https:\/\/api.w.org\/{rel}","templated":true}]}}