{"id":242,"date":"2024-01-23T04:22:25","date_gmt":"2024-01-23T04:22:25","guid":{"rendered":"https:\/\/startedgesolutions.com\/?page_id=242"},"modified":"2024-02-15T00:28:40","modified_gmt":"2024-02-15T00:28:40","slug":"politica-de-programa-de-afiliados","status":"publish","type":"page","link":"https:\/\/startedgesolutions.com\/en\/affiliate-program-policy\/","title":{"rendered":"Affiliate program policy"},"content":{"rendered":"<div data-elementor-type=\"wp-page\" data-elementor-id=\"242\" class=\"elementor elementor-242\" data-elementor-post-type=\"page\">\n\t\t\t\t\t\t<section class=\"elementor-section elementor-top-section elementor-element elementor-element-e1115ae elementor-section-height-min-height elementor-section-boxed elementor-section-height-default elementor-section-items-middle\" data-id=\"e1115ae\" data-element_type=\"section\" data-settings=\"{&quot;background_background&quot;:&quot;classic&quot;}\">\n\t\t\t\t\t\t\t<div class=\"elementor-background-overlay\"><\/div>\n\t\t\t\t\t\t\t<div class=\"elementor-container elementor-column-gap-no\">\n\t\t\t\t\t<div class=\"elementor-column elementor-col-100 elementor-top-column elementor-element elementor-element-4887202\" data-id=\"4887202\" data-element_type=\"column\">\n\t\t\t<div class=\"elementor-widget-wrap elementor-element-populated\">\n\t\t\t\t\t\t\t<\/div>\n\t\t<\/div>\n\t\t\t\t\t<\/div>\n\t\t<\/section>\n\t\t\t\t<section class=\"elementor-section elementor-top-section elementor-element elementor-element-62ad8208 elementor-section-boxed elementor-section-height-default elementor-section-height-default\" data-id=\"62ad8208\" data-element_type=\"section\">\n\t\t\t\t\t\t<div class=\"elementor-container elementor-column-gap-no\">\n\t\t\t\t\t<div class=\"elementor-column elementor-col-100 elementor-top-column elementor-element elementor-element-182bcbd0\" data-id=\"182bcbd0\" data-element_type=\"column\">\n\t\t\t<div class=\"elementor-widget-wrap elementor-element-populated\">\n\t\t\t\t\t\t<div class=\"elementor-element elementor-element-c2fb898 elementor-widget elementor-widget-heading\" data-id=\"c2fb898\" data-element_type=\"widget\" data-widget_type=\"heading.default\">\n\t\t\t\t<div class=\"elementor-widget-container\">\n\t\t\t<style>\/*! elementor - v3.19.0 - 07-02-2024 *\/\n.elementor-heading-title{padding:0;margin:0;line-height:1}.elementor-widget-heading .elementor-heading-title[class*=elementor-size-]>a{color:inherit;font-size:inherit;line-height:inherit}.elementor-widget-heading .elementor-heading-title.elementor-size-small{font-size:15px}.elementor-widget-heading .elementor-heading-title.elementor-size-medium{font-size:19px}.elementor-widget-heading .elementor-heading-title.elementor-size-large{font-size:29px}.elementor-widget-heading .elementor-heading-title.elementor-size-xl{font-size:39px}.elementor-widget-heading .elementor-heading-title.elementor-size-xxl{font-size:59px}<\/style><h6 class=\"elementor-heading-title elementor-size-default\">Last updated: December 29th, 2023<\/h6>\t\t<\/div>\n\t\t\t\t<\/div>\n\t\t\t\t<div class=\"elementor-element elementor-element-3628aef elementor-widget elementor-widget-text-editor\" data-id=\"3628aef\" data-element_type=\"widget\" data-widget_type=\"text-editor.default\">\n\t\t\t\t<div class=\"elementor-widget-container\">\n\t\t\t<style>\/*! elementor - v3.19.0 - 07-02-2024 *\/\n.elementor-widget-text-editor.elementor-drop-cap-view-stacked .elementor-drop-cap{background-color:#69727d;color:#fff}.elementor-widget-text-editor.elementor-drop-cap-view-framed .elementor-drop-cap{color:#69727d;border:3px solid;background-color:transparent}.elementor-widget-text-editor:not(.elementor-drop-cap-view-default) .elementor-drop-cap{margin-top:8px}.elementor-widget-text-editor:not(.elementor-drop-cap-view-default) .elementor-drop-cap-letter{width:1em;height:1em}.elementor-widget-text-editor .elementor-drop-cap{float:left;text-align:center;line-height:1;font-size:50px}.elementor-widget-text-editor .elementor-drop-cap-letter{display:inline-block}<\/style>\t\t\t\t<ol><li>We reserve the right to amend the terms and conditions at any time without notice. These modifications may include, but are not limited to, adjustments to referral fees and Affiliate Program rules.<\/li><li>Affiliate URL. You must get a special URL after signing up for the StartEdge Solutions Affiliate Program. The link will be exclusive to you and you alone and will allow you to receive payments for affiliate referrals.<\/li><li>Branding. SEO affiliates may not use the StartEdge Solutions brand in any PPC or Google Ads activity and in any variations in their URLs.<\/li><li>Commissions. An Affiliate who does not add coupons will receive a commission of up to 35% of orders placed through successfully issued Affiliate links.<\/li><li>We make payments every 7 days if the amount in the member's account is not less than $100.00 (one hundred US dollars). Payment processing may take up to 5 calendar days.<\/li><li>Coupon distribution and coupon aggregation websites are not eligible to register for the StartEdge Solutions Affiliate Program.<\/li><li>Rights. Our SEO affiliate program reserves the right to refuse participation in the Affiliate Program if the site is deemed to violate our rating standards. All coupon aggregator websites fall into this category. You will be unsubscribed from the Affiliate Program if you list coupon codes or discounts that were not generated through StartEdge Solutions or if you promote a coupon that you have found elsewhere online. Affiliates are also not allowed to use or promote \"coupon stacking\" sites where users can combine coupons to receive additional discounts. At the same time, StartEdge Solutions will consider any partner proposals sent directly to us.<\/li><li>Termination. The Agreement becomes effective when you accept these terms and conditions and will terminate upon termination by either party.<\/li><li>It is forbidden to use the StartEdge Solutions referral link in paid advertising in Google Ads, Yandex Direct, Facebook Ads. You are prohibited from using paid search placement, including an ad that you purchased using a bid for keywords, search terms, or other identifiers.<\/li><li>It is forbidden to advertise keywords containing the StartEdge Solutions brand name.<\/li><li>It is forbidden to register through your own affiliate link, i.e., earning from your own payments to StartEdge Solutions. You can only earn by attracting new users.<\/li><li>In order to calculate the Partner's commission from the users' subscription purchase, the user must be registered and logged into the StartEdge Solutions account while paying.<\/li><\/ol><p><strong>Contact:<\/strong><\/p><p><strong>\u00a0<\/strong><\/p><p><strong>Email<\/strong><strong> : <\/strong>info@startedgesolutions.com<\/p><p><strong>Address:<\/strong> Ituzaingo 1393, Escritorio 501, Montevideo, Uruguay.<\/p><p><strong>Phone:<\/strong> <a class=\"c-link\" href=\"tel:18883004034\" target=\"_blank\" rel=\"noopener noreferrer\" data-stringify-link=\"tel:18883004034\" data-sk=\"tooltip_parent\" aria-describedby=\"sk-tooltip-10015\">1 888 300 4034<\/a><\/p>\t\t\t\t\t\t<\/div>\n\t\t\t\t<\/div>\n\t\t\t\t\t<\/div>\n\t\t<\/div>\n\t\t\t\t\t<\/div>\n\t\t<\/section>\n\t\t\t\t<\/div>","protected":false},"excerpt":{"rendered":"<p>\/*! elementor &#8211; v3.19.0 &#8211; 07-02-2024 *\/ .elementor-heading-title{padding:0;margin:0;line-height:1}.elementor-widget-heading .elementor-heading-title[class*=elementor-size-]&gt;a{color:inherit;font-size:inherit;line-height:inherit}.elementor-widget-heading .elementor-heading-title.elementor-size-small{font-size:15px}.elementor-widget-heading .elementor-heading-title.elementor-size-medium{font-size:19px}.elementor-widget-heading .elementor-heading-title.elementor-size-large{font-size:29px}.elementor-widget-heading .elementor-heading-title.elementor-size-xl{font-size:39px}.elementor-widget-heading .elementor-heading-title.elementor-size-xxl{font-size:59px} \u00daltima actualizaci\u00f3n 29 de Diciembre del 2023 Nos reservamos los derechos de modificar los t\u00e9rminos y condiciones en cualquier momento sin previo aviso. Estas modificaciones pueden incluir, entre otros, ajustes a las tarifas de referencia y las reglas del Programa de [&hellip;]<\/p>","protected":false},"author":5,"featured_media":0,"parent":0,"menu_order":0,"comment_status":"closed","ping_status":"closed","template":"","meta":{"footnotes":""},"class_list":["post-242","page","type-page","status-publish","hentry"],"_links":{"self":[{"href":"https:\/\/startedgesolutions.com\/en\/wp-json\/wp\/v2\/pages\/242","targetHints":{"allow":["GET"]}}],"collection":[{"href":"https:\/\/startedgesolutions.com\/en\/wp-json\/wp\/v2\/pages"}],"about":[{"href":"https:\/\/startedgesolutions.com\/en\/wp-json\/wp\/v2\/types\/page"}],"author":[{"embeddable":true,"href":"https:\/\/startedgesolutions.com\/en\/wp-json\/wp\/v2\/users\/5"}],"replies":[{"embeddable":true,"href":"https:\/\/startedgesolutions.com\/en\/wp-json\/wp\/v2\/comments?post=242"}],"version-history":[{"count":28,"href":"https:\/\/startedgesolutions.com\/en\/wp-json\/wp\/v2\/pages\/242\/revisions"}],"predecessor-version":[{"id":948,"href":"https:\/\/startedgesolutions.com\/en\/wp-json\/wp\/v2\/pages\/242\/revisions\/948"}],"wp:attachment":[{"href":"https:\/\/startedgesolutions.com\/en\/wp-json\/wp\/v2\/media?parent=242"}],"curies":[{"name":"wp","href":"https:\/\/api.w.org\/{rel}","templated":true}]}}